{"id":12454,"date":"2024-07-18T12:15:47","date_gmt":"2024-07-18T10:15:47","guid":{"rendered":"https:\/\/cleany.pau.dackus.it\/?post_type=product&#038;p=12454"},"modified":"2026-01-30T12:26:46","modified_gmt":"2026-01-30T11:26:46","slug":"lavette-eponge-mouille-set-a-3-18-x-20-cm","status":"publish","type":"product","link":"https:\/\/hollandcleany.com\/fr\/shop\/lavette-eponge-mouille-set-a-3-18-x-20-cm\/","title":{"rendered":"Lavette \u00e9ponge mouill\u00e9 set \u00e0 3 (18x20cm)"},"content":{"rendered":"","protected":false},"excerpt":{"rendered":"","protected":false},"featured_media":4520,"template":"","meta":[],"product_cat":[2898],"product_tag":[],"_links":{"self":[{"href":"https:\/\/hollandcleany.com\/fr\/wp-json\/wp\/v2\/product\/12454"}],"collection":[{"href":"https:\/\/hollandcleany.com\/fr\/wp-json\/wp\/v2\/product"}],"about":[{"href":"https:\/\/hollandcleany.com\/fr\/wp-json\/wp\/v2\/types\/product"}],"wp:featuredmedia":[{"embeddable":true,"href":"https:\/\/hollandcleany.com\/fr\/wp-json\/wp\/v2\/media\/4520"}],"wp:attachment":[{"href":"https:\/\/hollandcleany.com\/fr\/wp-json\/wp\/v2\/media?parent=12454"}],"wp:term":[{"taxonomy":"product_cat","embeddable":true,"href":"https:\/\/hollandcleany.com\/fr\/wp-json\/wp\/v2\/product_cat?post=12454"},{"taxonomy":"product_tag","embeddable":true,"href":"https:\/\/hollandcleany.com\/fr\/wp-json\/wp\/v2\/product_tag?post=12454"}],"curies":[{"name":"wp","href":"https:\/\/api.w.org\/{rel}","templated":true}]}}