{"id":12437,"date":"2024-07-18T12:15:20","date_gmt":"2024-07-18T10:15:20","guid":{"rendered":"https:\/\/cleany.pau.dackus.it\/?post_type=product&#038;p=12437"},"modified":"2026-01-30T12:27:27","modified_gmt":"2026-01-30T11:27:27","slug":"eponge-a-recurer-set-de-28-pc-85x55x25mm","status":"publish","type":"product","link":"https:\/\/hollandcleany.com\/fr\/shop\/eponge-a-recurer-set-de-28-pc-85x55x25mm\/","title":{"rendered":"\u00c9ponge \u00e0 r\u00e9curer set de 28 pc 85x55x25mm"},"content":{"rendered":"","protected":false},"excerpt":{"rendered":"","protected":false},"featured_media":825,"template":"","meta":[],"product_cat":[2824],"product_tag":[],"_links":{"self":[{"href":"https:\/\/hollandcleany.com\/fr\/wp-json\/wp\/v2\/product\/12437"}],"collection":[{"href":"https:\/\/hollandcleany.com\/fr\/wp-json\/wp\/v2\/product"}],"about":[{"href":"https:\/\/hollandcleany.com\/fr\/wp-json\/wp\/v2\/types\/product"}],"wp:featuredmedia":[{"embeddable":true,"href":"https:\/\/hollandcleany.com\/fr\/wp-json\/wp\/v2\/media\/825"}],"wp:attachment":[{"href":"https:\/\/hollandcleany.com\/fr\/wp-json\/wp\/v2\/media?parent=12437"}],"wp:term":[{"taxonomy":"product_cat","embeddable":true,"href":"https:\/\/hollandcleany.com\/fr\/wp-json\/wp\/v2\/product_cat?post=12437"},{"taxonomy":"product_tag","embeddable":true,"href":"https:\/\/hollandcleany.com\/fr\/wp-json\/wp\/v2\/product_tag?post=12437"}],"curies":[{"name":"wp","href":"https:\/\/api.w.org\/{rel}","templated":true}]}}