{"id":12419,"date":"2024-07-18T12:14:56","date_gmt":"2024-07-18T10:14:56","guid":{"rendered":"https:\/\/cleany.pau.dackus.it\/?post_type=product&#038;p=12419"},"modified":"2026-01-30T12:26:43","modified_gmt":"2026-01-30T11:26:43","slug":"eponge-a-recurer-couleur-lux-set-de-61-pc-99x66x30mm","status":"publish","type":"product","link":"https:\/\/hollandcleany.com\/fr\/shop\/eponge-a-recurer-couleur-lux-set-de-61-pc-99x66x30mm\/","title":{"rendered":"\u00c9ponge \u00e0 r\u00e9curer COULEUR LUX set de 6+1 pc (99x66x30mm)"},"content":{"rendered":"","protected":false},"excerpt":{"rendered":"","protected":false},"featured_media":4427,"template":"","meta":[],"product_cat":[2898],"product_tag":[],"_links":{"self":[{"href":"https:\/\/hollandcleany.com\/fr\/wp-json\/wp\/v2\/product\/12419"}],"collection":[{"href":"https:\/\/hollandcleany.com\/fr\/wp-json\/wp\/v2\/product"}],"about":[{"href":"https:\/\/hollandcleany.com\/fr\/wp-json\/wp\/v2\/types\/product"}],"wp:featuredmedia":[{"embeddable":true,"href":"https:\/\/hollandcleany.com\/fr\/wp-json\/wp\/v2\/media\/4427"}],"wp:attachment":[{"href":"https:\/\/hollandcleany.com\/fr\/wp-json\/wp\/v2\/media?parent=12419"}],"wp:term":[{"taxonomy":"product_cat","embeddable":true,"href":"https:\/\/hollandcleany.com\/fr\/wp-json\/wp\/v2\/product_cat?post=12419"},{"taxonomy":"product_tag","embeddable":true,"href":"https:\/\/hollandcleany.com\/fr\/wp-json\/wp\/v2\/product_tag?post=12419"}],"curies":[{"name":"wp","href":"https:\/\/api.w.org\/{rel}","templated":true}]}}