{"id":12397,"date":"2024-07-18T12:14:30","date_gmt":"2024-07-18T10:14:30","guid":{"rendered":"https:\/\/cleany.pau.dackus.it\/?post_type=product&#038;p=12397"},"modified":"2026-01-30T12:26:40","modified_gmt":"2026-01-30T11:26:40","slug":"eponge-a-recurer-sanitaire-unitaire-150x45x75mm","status":"publish","type":"product","link":"https:\/\/hollandcleany.com\/fr\/shop\/eponge-a-recurer-sanitaire-unitaire-150x45x75mm\/","title":{"rendered":"\u00c9ponge \u00e0 r\u00e9curer sanitaire unitaire 150x75x45mm"},"content":{"rendered":"","protected":false},"excerpt":{"rendered":"","protected":false},"featured_media":13232,"template":"","meta":[],"product_cat":[2898],"product_tag":[],"_links":{"self":[{"href":"https:\/\/hollandcleany.com\/fr\/wp-json\/wp\/v2\/product\/12397"}],"collection":[{"href":"https:\/\/hollandcleany.com\/fr\/wp-json\/wp\/v2\/product"}],"about":[{"href":"https:\/\/hollandcleany.com\/fr\/wp-json\/wp\/v2\/types\/product"}],"wp:featuredmedia":[{"embeddable":true,"href":"https:\/\/hollandcleany.com\/fr\/wp-json\/wp\/v2\/media\/13232"}],"wp:attachment":[{"href":"https:\/\/hollandcleany.com\/fr\/wp-json\/wp\/v2\/media?parent=12397"}],"wp:term":[{"taxonomy":"product_cat","embeddable":true,"href":"https:\/\/hollandcleany.com\/fr\/wp-json\/wp\/v2\/product_cat?post=12397"},{"taxonomy":"product_tag","embeddable":true,"href":"https:\/\/hollandcleany.com\/fr\/wp-json\/wp\/v2\/product_tag?post=12397"}],"curies":[{"name":"wp","href":"https:\/\/api.w.org\/{rel}","templated":true}]}}