{"id":12206,"date":"2024-07-18T12:10:50","date_gmt":"2024-07-18T10:10:50","guid":{"rendered":"https:\/\/cleany.pau.dackus.it\/?post_type=product&#038;p=12206"},"modified":"2026-01-30T12:26:18","modified_gmt":"2026-01-30T11:26:18","slug":"sacs-congelation-refermable-3-ltr-en-boite-a-15","status":"publish","type":"product","link":"https:\/\/hollandcleany.com\/fr\/shop\/sacs-congelation-refermable-3-ltr-en-boite-a-15\/","title":{"rendered":"Sacs cong\u00e9lation refermable 3 ltr en bo\u00eete \u00e0 15"},"content":{"rendered":"","protected":false},"excerpt":{"rendered":"","protected":false},"featured_media":4400,"template":"","meta":[],"product_cat":[2816],"product_tag":[],"_links":{"self":[{"href":"https:\/\/hollandcleany.com\/fr\/wp-json\/wp\/v2\/product\/12206"}],"collection":[{"href":"https:\/\/hollandcleany.com\/fr\/wp-json\/wp\/v2\/product"}],"about":[{"href":"https:\/\/hollandcleany.com\/fr\/wp-json\/wp\/v2\/types\/product"}],"wp:featuredmedia":[{"embeddable":true,"href":"https:\/\/hollandcleany.com\/fr\/wp-json\/wp\/v2\/media\/4400"}],"wp:attachment":[{"href":"https:\/\/hollandcleany.com\/fr\/wp-json\/wp\/v2\/media?parent=12206"}],"wp:term":[{"taxonomy":"product_cat","embeddable":true,"href":"https:\/\/hollandcleany.com\/fr\/wp-json\/wp\/v2\/product_cat?post=12206"},{"taxonomy":"product_tag","embeddable":true,"href":"https:\/\/hollandcleany.com\/fr\/wp-json\/wp\/v2\/product_tag?post=12206"}],"curies":[{"name":"wp","href":"https:\/\/api.w.org\/{rel}","templated":true}]}}