{"id":12188,"date":"2024-07-18T12:10:24","date_gmt":"2024-07-18T10:10:24","guid":{"rendered":"https:\/\/cleany.pau.dackus.it\/?post_type=product&#038;p=12188"},"modified":"2026-01-30T12:26:18","modified_gmt":"2026-01-30T11:26:18","slug":"sacs-congelation-2-ltr-en-boite-a-25-20-my","status":"publish","type":"product","link":"https:\/\/hollandcleany.com\/fr\/shop\/sacs-congelation-2-ltr-en-boite-a-25-20-my\/","title":{"rendered":"Sacs cong\u00e9lation 2 ltr en bo\u00eete \u00e0 25 (20 my)"},"content":{"rendered":"","protected":false},"excerpt":{"rendered":"","protected":false},"featured_media":905,"template":"","meta":[],"product_cat":[2816],"product_tag":[],"_links":{"self":[{"href":"https:\/\/hollandcleany.com\/fr\/wp-json\/wp\/v2\/product\/12188"}],"collection":[{"href":"https:\/\/hollandcleany.com\/fr\/wp-json\/wp\/v2\/product"}],"about":[{"href":"https:\/\/hollandcleany.com\/fr\/wp-json\/wp\/v2\/types\/product"}],"wp:featuredmedia":[{"embeddable":true,"href":"https:\/\/hollandcleany.com\/fr\/wp-json\/wp\/v2\/media\/905"}],"wp:attachment":[{"href":"https:\/\/hollandcleany.com\/fr\/wp-json\/wp\/v2\/media?parent=12188"}],"wp:term":[{"taxonomy":"product_cat","embeddable":true,"href":"https:\/\/hollandcleany.com\/fr\/wp-json\/wp\/v2\/product_cat?post=12188"},{"taxonomy":"product_tag","embeddable":true,"href":"https:\/\/hollandcleany.com\/fr\/wp-json\/wp\/v2\/product_tag?post=12188"}],"curies":[{"name":"wp","href":"https:\/\/api.w.org\/{rel}","templated":true}]}}