{"id":11903,"date":"2024-07-18T12:04:47","date_gmt":"2024-07-18T10:04:47","guid":{"rendered":"https:\/\/cleany.pau.dackus.it\/?post_type=product&#038;p=11903"},"modified":"2026-01-30T12:25:46","modified_gmt":"2026-01-30T11:25:46","slug":"brosse-a-radiateur-pur-poil","status":"publish","type":"product","link":"https:\/\/hollandcleany.com\/fr\/shop\/brosse-a-radiateur-pur-poil\/","title":{"rendered":"Brosse \u00e0 radiateur pur poilBrosse \u00e0 radiateur pur poilBrosse \u00e0 radiateur pur poilBrosse \u00e0 radiateur pur poil"},"content":{"rendered":"","protected":false},"excerpt":{"rendered":"","protected":false},"featured_media":724,"template":"","meta":[],"product_cat":[2812],"product_tag":[],"_links":{"self":[{"href":"https:\/\/hollandcleany.com\/fr\/wp-json\/wp\/v2\/product\/11903"}],"collection":[{"href":"https:\/\/hollandcleany.com\/fr\/wp-json\/wp\/v2\/product"}],"about":[{"href":"https:\/\/hollandcleany.com\/fr\/wp-json\/wp\/v2\/types\/product"}],"wp:featuredmedia":[{"embeddable":true,"href":"https:\/\/hollandcleany.com\/fr\/wp-json\/wp\/v2\/media\/724"}],"wp:attachment":[{"href":"https:\/\/hollandcleany.com\/fr\/wp-json\/wp\/v2\/media?parent=11903"}],"wp:term":[{"taxonomy":"product_cat","embeddable":true,"href":"https:\/\/hollandcleany.com\/fr\/wp-json\/wp\/v2\/product_cat?post=11903"},{"taxonomy":"product_tag","embeddable":true,"href":"https:\/\/hollandcleany.com\/fr\/wp-json\/wp\/v2\/product_tag?post=11903"}],"curies":[{"name":"wp","href":"https:\/\/api.w.org\/{rel}","templated":true}]}}