{"id":3694,"date":"2017-09-27T12:26:35","date_gmt":"2017-09-27T10:26:35","guid":{"rendered":"https:\/\/cleany.pau.dackus.it\/de-cleany\/"},"modified":"2017-09-27T12:26:35","modified_gmt":"2017-09-27T12:26:35","slug":"de-cleany","status":"publish","type":"page","link":"https:\/\/hollandcleany.com\/fr\/de-cleany\/","title":{"rendered":"De Cleany"},"content":{"rendered":"<p>Fort de ces 40 ans d\u2019exp\u00e9rience, Holland Cleany est un importateur, grossiste et proposant d\u2019un large assortiment de produits m\u00e9nagers et de nettoyage. Nous coop\u00e9rons avec plusieurs partenaires ce qui nous permets de proposer une gamme permanente de produits fiable et de qualit\u00e9.<\/p>\n<p>Nous importons partout dans le monde et livrons principalement en Belgique, France et au Pays-Bas.<\/p>\n<p>Holland Cleany s\u2019efforce d\u2019\u00eatre \u00e0 l\u2019\u00e9coute de ses clients, de ses partenaires et \u00e0 travailler de fa\u00e7on optimale sur le long terme. Nous nous adaptons \u00e0 toutes les situations et poss\u00e9dons plus de 300 articles en permanent.<\/p>\n","protected":false},"excerpt":{"rendered":"<p>Fort de ces 40 ans d\u2019exp\u00e9rience, Holland Cleany est un importateur, grossiste et proposant d\u2019un large assortiment de produits m\u00e9nagers et de nettoyage. Nous coop\u00e9rons avec plusieurs partenaires ce qui nous permets de proposer une gamme permanente de produits fiable et de qualit\u00e9. Nous importons partout dans le monde et livrons principalement en Belgique, France&#8230;<\/p>\n","protected":false},"author":1,"featured_media":0,"parent":0,"menu_order":0,"comment_status":"closed","ping_status":"closed","template":"","meta":{"footnotes":""},"_links":{"self":[{"href":"https:\/\/hollandcleany.com\/fr\/wp-json\/wp\/v2\/pages\/3694"}],"collection":[{"href":"https:\/\/hollandcleany.com\/fr\/wp-json\/wp\/v2\/pages"}],"about":[{"href":"https:\/\/hollandcleany.com\/fr\/wp-json\/wp\/v2\/types\/page"}],"author":[{"embeddable":true,"href":"https:\/\/hollandcleany.com\/fr\/wp-json\/wp\/v2\/users\/1"}],"replies":[{"embeddable":true,"href":"https:\/\/hollandcleany.com\/fr\/wp-json\/wp\/v2\/comments?post=3694"}],"version-history":[{"count":0,"href":"https:\/\/hollandcleany.com\/fr\/wp-json\/wp\/v2\/pages\/3694\/revisions"}],"wp:attachment":[{"href":"https:\/\/hollandcleany.com\/fr\/wp-json\/wp\/v2\/media?parent=3694"}],"curies":[{"name":"wp","href":"https:\/\/api.w.org\/{rel}","templated":true}]}}