{"id":10648,"date":"2017-09-26T13:36:11","date_gmt":"2017-09-26T11:36:11","guid":{"rendered":"https:\/\/cleany.pau.dackus.it\/?page_id=10648"},"modified":"2024-07-18T11:18:53","modified_gmt":"2024-07-18T09:18:53","slug":"10648-2","status":"publish","type":"page","link":"https:\/\/hollandcleany.com\/fr\/","title":{"rendered":"Home"},"content":{"rendered":"<div class=\"heading-section\"><div class=\"title-section\"><span class=\"letter-bg\">D<\/span><h3>De Cleany<\/h3><p><\/p><\/div><!-- End .title-section --><\/div><!-- End .heading-section -->\n<p>Fort de ces 40 ans d\u2019exp\u00e9rience, Holland Cleany est un importateur, grossiste et proposant d\u2019un large assortiment de produits m\u00e9nagers et de nettoyage. Nous coop\u00e9rons avec plusieurs partenaires ce qui nous permets de proposer une gamme permanente de produits fiable et de qualit\u00e9.<\/p>\n<p><a href=\"\/fr\/de-cleany\/\">Lire en plus<\/a><\/p>\n","protected":false},"excerpt":{"rendered":"<p>Fort de ces 40 ans d\u2019exp\u00e9rience, Holland Cleany est un importateur, grossiste et proposant d\u2019un large assortiment de produits m\u00e9nagers et de nettoyage. Nous coop\u00e9rons avec plusieurs partenaires ce qui nous permets de proposer une gamme permanente de produits fiable et de qualit\u00e9. Lire en plus<\/p>\n","protected":false},"author":1,"featured_media":4020,"parent":0,"menu_order":0,"comment_status":"closed","ping_status":"closed","template":"","meta":{"footnotes":""},"_links":{"self":[{"href":"https:\/\/hollandcleany.com\/fr\/wp-json\/wp\/v2\/pages\/10648"}],"collection":[{"href":"https:\/\/hollandcleany.com\/fr\/wp-json\/wp\/v2\/pages"}],"about":[{"href":"https:\/\/hollandcleany.com\/fr\/wp-json\/wp\/v2\/types\/page"}],"author":[{"embeddable":true,"href":"https:\/\/hollandcleany.com\/fr\/wp-json\/wp\/v2\/users\/1"}],"replies":[{"embeddable":true,"href":"https:\/\/hollandcleany.com\/fr\/wp-json\/wp\/v2\/comments?post=10648"}],"version-history":[{"count":2,"href":"https:\/\/hollandcleany.com\/fr\/wp-json\/wp\/v2\/pages\/10648\/revisions"}],"predecessor-version":[{"id":10650,"href":"https:\/\/hollandcleany.com\/fr\/wp-json\/wp\/v2\/pages\/10648\/revisions\/10650"}],"wp:featuredmedia":[{"embeddable":true,"href":"https:\/\/hollandcleany.com\/fr\/wp-json\/wp\/v2\/media\/4020"}],"wp:attachment":[{"href":"https:\/\/hollandcleany.com\/fr\/wp-json\/wp\/v2\/media?parent=10648"}],"curies":[{"name":"wp","href":"https:\/\/api.w.org\/{rel}","templated":true}]}}